{"id":15511,"date":"2017-06-11T14:11:24","date_gmt":"2017-06-11T14:11:24","guid":{"rendered":"http:\/\/aspis.aau.at\/?page_id=15511"},"modified":"2022-01-14T08:52:07","modified_gmt":"2022-01-14T08:52:07","slug":"15511-2","status":"publish","type":"page","link":"https:\/\/aspis.aau.at\/?page_id=15511","title":{"rendered":"Forschung"},"content":{"rendered":"<p>[vc_row css_animation=&#8221;&#8221; row_type=&#8221;row&#8221; use_row_as_full_screen_section=&#8221;no&#8221; type=&#8221;full_width&#8221; angled_section=&#8221;no&#8221; text_align=&#8221;left&#8221; background_image_as_pattern=&#8221;without_pattern&#8221;][vc_column][vc_column_text]<strong>Forschungsarbeiten (Auswahl):<\/strong><\/p>\n<ul>\n<li>Opetnik, G. (2021):\u00a0Das Gestern im Heute begreifen. Traumaweitergabe in verfolgten slowenischen Familien. Klagenfurt\/Celovec: Hermagoras\/Mohorjeva.<\/li>\n<li>Wutti, D. (2021): Flucht, Asyl und Trauma. Psychodramatische Interventionen in der interkulturellen Gruppentherapie. Donau-Universit\u00e4t Krems: Masterthesis. <a href=\"https:\/\/doi.org\/10.5281\/zenodo.5707813\">(Open-Access-Direktlink zum Volltext)<\/a><\/li>\n<li>Pek, H. (2018): Zwischen Mehrfach-Traumatisierung und Blick in die Zukunft: Psychodramatische Lebenslinien-Arbeit und Gruppenarbeit mit m\u00e4nnlichen arabischsprachigen Fl\u00fcchtlingen. Masterthese: Donau Universit\u00e4t Krems. <a href=\"https:\/\/doi.org\/10.5281\/zenodo.5848506\">(Open-Access-Direktlink zum Volltext)<\/a><\/li>\n<li>Jelinek, S. (2017): Assimilation, Trauma und Konfliktl\u00f6sung.\u00a0Menschen aus j\u00fcdischen und slowenischen Familien zwischen Anpassung und Widerstand. Donau-Universit\u00e4t Krems: Masterthesis. <a href=\"https:\/\/doi.org\/10.5281\/zenodo.5848493\">(Open-Access-Direktlink zum Volltext)<\/a><\/li>\n<li>Pek, H. (2009): \u201cI heard the feet shout\u201d. Mehrfache Traumatisierungen und psychosoziale Arbeit in Ampara, Sri Lanka. Diplomarbeit: Universit\u00e4t Klagenfurt.<\/li>\n<li>Wutti, D. (2013): Drei Familien, drei Generationen. Das Trauma des Nationalsozialismus im Leben dreier Generationen von K\u00e4rntner Slowenen, Klagenfurt\/Celovec: Zalo\u017eba Drava Verlag. <a href=\"https:\/\/doi.org\/10.48415\/2020\/isbn.978-3-85435-721-6\">(Open-Access-Direktlink zum Volltext)<\/a><\/li>\n<li>Ottomeyer, K. (2011): Die Behandlung der Opfer. \u00dcber unseren Umgang mit dem Trauma der Fl\u00fcchtlinge und Verfolgten. Stuttgart: Klett-Cotta.<\/li>\n<li>Lind, M. (2006): Dolmetschunterst\u00fctztes Psychodrama mit traumatisierten Asylwerberinnen: Begegnung und Stabilisierung. Zeitschrift f\u00fcr Psychodrama und Soziometrie, Heft 2.<\/li>\n<li>Lind, M. \/ Renner, W. \/ Ottomeyer, K. (2006): Die Wirksamkeit psychotherapeutischer Gruppenarbeit bei traumatisierten Migrantinnen \u2013 eine Pilotstudie. Zeitschrift f\u00fcr Psychotherapeutische und Psychosoziale Medizin, Heft 4.<\/li>\n<li>Ottomeyer, K. \/ Renner, W. (Hg) (2006): Interkulturelle Traumadiagnostik. Drava-Verlag, Klagenfurt.<\/li>\n<li>Preitler, B. (2006): Ohne jede Spur. Psychotherapeutische Arbeit mit Angeh\u00f6rigen \u201everschwundener\u201c Personen. Psychosozial-Verlag, Gie\u00dfen.<\/li>\n<li>Lackner, Gerald (2003): Monodrama mit traumatisierten Fl\u00fcchtlingen (Abschlussarbeit zum Psychotherapeutischen Fachspezifikum der Fachrichtung Psychodrama, Soziometrie und Rollenspiel)<\/li>\n<li>Suchanek, Gilbert (2003): K\u00f6rpertherapie und Psychotrauma. Diplomarbeit. Universit\u00e4t Klagenfur<\/li>\n<li>Ottomeyer, Klaus \/ Peltzer, Karl (Hrsg.), (2002): \u00dcberleben am Abgrund. Psychotrauma und Menschenrechte. Drava Verlag, Klagenfurt.<\/li>\n<li>Ogris, Maria-Gabriele (2001): Praxis traumazentrierter Psychotherapie. Sozialpsychologische und psychotherapeutische Aspekte traumazentrierter Psychotherapie am Beispiel der Traumazentrierten Therapiestation des Nieders\u00e4chsischen Landeskrankenhauses G\u00f6ttingen sowie der Therapeutischen M\u00e4dchenwohngruppe &#8220;Lilith&#8221; der Jugendhilfeeinrichtung des Stephansstiftes in Hannover. Dissertation. Universit\u00e4t Klagenfurt.<\/li>\n<\/ul>\n<p><strong>Weitere Literatur (alphabetisch):<\/strong><\/p>\n<ul>\n<li>Antonovsky, A. (1997): Salutogenese. Zur Entmystifizierung der Gesundheit. T\u00fcbingen: Deutsche Gesellschaft f\u00fcr Verhaltenstherapie. (= Forum f\u00fcr Verhaltenstherapie und psychosoziale Praxis; 36)<\/li>\n<li>Butollo, W. (1997): Traumatherapie. Die Bew\u00e4ltigung schwerer posttraumatischer St\u00f6rungen. M\u00fcnchen: CIP-Medien.<\/li>\n<li>Butollo, W., Hagl, M. &amp; Kr\u00fcsmann, M. (1999): Kreativit\u00e4t und Destruktion posttraumatischer Bew\u00e4ltigung. Forschungsergebnisse und Thesen zum Leben nach dem Trauma. Stuttgart: Pfeiffer bei Klett-Cotta. (= Leben Lernen; 132)<\/li>\n<li>Ehlers, A. (1999): Posttraumatische Belastungsst\u00f6rung. G\u00f6ttingen u.a.: Hogrefe. (= Fortschritte der Psychotherapie; 8)<\/li>\n<li>Fischer, G. &amp; Riedesser, P. (1999): Lehrbuch der Psychotraumatologie. Mit 20 Tabellen. M\u00fcnchen: Reinhardt.<\/li>\n<li>Fischer, G. (2000): Mehrdimensionale psychodynamische Traumatherapie: MPTT. Manual zur Behandlung psychotraumatischer St\u00f6rungen. Heidelberg: Asanger.<\/li>\n<li>Fischer, G. (2000): Neue Wege nach dem Trauma. Information und Hilfen f\u00fcr Betroffene. Konstanz: Vesalius-Verlag.<\/li>\n<li>Foa, E. B. (1998): Treating the Trauma of Rape. Cognitive-Behavioral Therapy for PTSD. New York u.a.: Guilford Press. (= Treatment Manuals for Practitioners)<\/li>\n<li>Foa, E. B. (Hrsg.) (2000): Effective Treatments for PTSD. Practice Guidelines form the International Society for Traumatic Stress Studies. New York u.a.: Guilford Press.<\/li>\n<li>Fr\u00f6se, M. W. (Hrsg.) (1999): Krieg, Geschlecht und Traumatisierung. Erfahrungen und Reflexionen in der Arbeit mit traumatisierten Frauen in Kriegs- und Krisengebieten. Frankfurt\/Main: IKO Verlag f\u00fcr Interkulturelle Kommunikation.<\/li>\n<li>Greenwald, R. (2001): EMDR in der Psychotherapie mit Kindern und Jugendlichen. Ein Handbuch. Paderborn: Junfermann.<\/li>\n<li>Herman, J. L. (1998): Die Narben der Gewalt. Traumatische Erfahrungen verstehen und \u00fcberwinden. M\u00fcnchen: Kindler.<\/li>\n<li>Heyne, A. (1995): Gegen\u00fcbertragung oder Vom Um-Gehen mit dem Unertr\u00e4glichen. Diplomarbeit. T\u00fcbingen.<\/li>\n<li>Hirsch, M. (1999): Realer Inzest. Psychodynamik des sexuellen Mi\u00dfbrauchs in der Familie. Gie\u00dfen: Psychosozial-Verlag.<\/li>\n<li>Kellermann, P. &amp; Hudgins, M. K. (Hrsg) (2000): Psychodrama with Trauma Survivors. Acting out our Pain. London u.a.: Kinsely.<\/li>\n<li>Lamprecht, F. (2000): Praxis der Traumatherapie. Was kann EMDR leisten? Stuttgart: Pfeiffer bei Klett-Cotta. (= Leben Lernen; 134).<\/li>\n<li>Lovett, J. (2000): Kleine Wunder. Heilung von Kindheitstraumata mit Hilfe von EMDR. Paderborn: Junfermann.<\/li>\n<li>Lueger-Schuster, B. (Hrsg.) (1996): Leben im Transit. \u00dcber die psychosoziale Situation von Fl\u00fcchtlingen und Vertriebenen. Wien: WUV-Univ.-Verlag.<\/li>\n<li>Mallmann, S. A. (1997): Traumatisation of War-Affected Children. Diplomarbeit. Klagenfurt.<\/li>\n<li>Maercker, A. (Hrsg.) (2001): Psychotraumatologie. G\u00f6ttingen u. a.: Hogrefe. (= Jahrbuch der Medizinischen Psychologie; 20)<\/li>\n<li>Meichenbaum, D. (1997): Treating Post-Traumatic Stress Disorder. A Handbook and Practice Manual for Therapy. Chinchester u.a.: Wiley.<\/li>\n<li>Mitchell, J. T. (1998): Stre\u00dfbearbeitung nach belastenden Ereignissen. Ein Handbuch zur Pr\u00e4vention psychischer Traumatisierung in Feuerwehr, Rettungsdienst und Katastrophenschutz. 2., \u00fcberarbeitete Auflage. Edewecht: Stumpf &amp; Kossendey.<\/li>\n<li>Nader, K. (Hrsg.) (1999): Honoring Differences. Cultural Issues in the Treatment of Trauma and Loss. Philadelphia u. a.: Brunner\/Mazel. (= The Series in Trauma and Loss)<\/li>\n<li>Ottomeyer, K. (1997): Kriegstrauma, Identit\u00e4t und Vorurteil. Klagenfurt: Drava.<\/li>\n<li>Ottomeyer, K. &amp; Peltzer, K. (Hrsg.) (2002): \u00dcberleben am Abgrund. Psychotrauma und Menschenrechte. Klagenfurt: Drava.<\/li>\n<li>Parnell, L. (1999): EMDR &#8211; der Weg aus dem Trauma. \u00dcber die Heilung von Traumata und emotionalen Verletzungen. Paderborn: Junfermann.<\/li>\n<li>Peltzer, K. (1996): Counselling and Psychotherapy of Victims of Organised Violence in Sociocultural Context. Frankfurt\/Main: IKO Verlag f\u00fcr Interkulturelle Kommunikation.<\/li>\n<li>Perren-Klingler, G. (Hrsg.) (2000): Debriefing. Erste Hilfe durch das Wort. Hintergr\u00fcnde und Praxisbeispiele. Bern u.a.: Haupt.<\/li>\n<li>Reddemann, L. (2001): Imagination als heilsame Kraft. Zur Behandlung von Traumafolgen mit ressourcenorientierten Verfahren. Stuttgart: Pfeiffer bei Klett-Cotta. (= Leben lernen; 141)<\/li>\n<li>Sachsse, U. &amp; I. \u00d6zkan (2001): Traumatherapie &#8211; Was ist erfolgreich? G\u00f6ttingen: Vandenhoeck &amp; Ruprecht.<\/li>\n<li>Shapiro, F. (1998): EMDRTM &#8211; Grundlagen und Praxis. Handbuch zur Behandlung traumatisierter Menschen. Paderborn: Junfermann.<\/li>\n<li>Shengold, L. (1995): Soul Murder. Seelenmord &#8211; die Auswirkungen von Missbrauch und Vernachl\u00e4ssigung in der Kindheit. Frankfurt\/Main: Brandes &amp; Aspel.<\/li>\n<li>Spitzer, H. (1999): &#8220;Kindersoldaten&#8221;. Verlorene Kindheit und Trauma. M\u00f6glichkeiten der Rehabilitation am Beispiel Norduganda. Diplomarbeit. Klagenfurt.<\/li>\n<li>Streeck-Fischer, A., Sachsse, U. &amp; \u00d6zkan I. (Hrsg.) (2001): K\u00f6rper, Seele, Trauma. Biologie, Klinik und Praxis. mit 5 Tabellen. G\u00f6ttingen: Vandenhoeck &amp; Ruprecht.<\/li>\n<li>Tinker, R. H. &amp; Wilson, S. A. (2000): EMDR mit Kindern. Ein Handbuch. Paderborn: Junfermann.<\/li>\n<li>Van der Kolk, B. A. (Hrsg.) (2000): Traumatic Stress. Grundlagen und Behandlungsans\u00e4tze. Theorie, Praxis und Forschungen zu posttraumatischem Stress sowie Traumatherapie. Paderborn: Junfermann. (= Innovative Psychotherapie und Humanwissenschaft; 62)<\/li>\n<li>Wilson, J. P. &amp; Lindy, J. D. (1994): Countertransference in the Treatment of PTSD. New York: Guilford Press.<\/li>\n<li>Wilson, J. P. (Hrsg.) (1997): Assessing Psychological Trauma and PTSD. New York u. a.: Guilford Press.<\/li>\n<\/ul>\n<p><strong>Webempfehlungen:<\/strong><\/p>\n<ul>\n<li>Trauma Surviving and Hope:<br \/>\n<a href=\"https:\/\/www.trauma-surviving.com\">www.trauma-surviving.com<\/a><\/li>\n<li>M\u00fcnchner Institut f\u00fcr Traumatherapie, Prof. Dr. Willi Butollo:<br \/>\n<a href=\"http:\/\/www.traumatherapie-institut.de\">www.traumatherapie-institut.de<\/a><\/li>\n<li>ECRE &#8211; European Council on Refugees and Exiles:<br \/>\n<a href=\"http:\/\/www.ecre.org\">www.ecre.org<\/a><\/li>\n<li>International Society for Traumatic Stress Studies:<br \/>\n<a href=\"http:\/\/www.istss.org\">www.istss.org<\/a><\/li>\n<li>International Rehabilitation Council for Torture Victims:<br \/>\n<a href=\"http:\/\/www.irct.org\">www.irct.org<\/a><\/li>\n<li>PTSD Alliance:<br \/>\n<a href=\"http:\/\/www.ptsdalliance.org\">www.ptsdalliance.org<\/a><\/li>\n<li>Sidran Traumatic Stress Institute:<br \/>\n<a href=\"http:\/\/www.sidran.org\">www.sidran.org<\/a><\/li>\n<li>Society for Psychological Assistance:<br \/>\n<a href=\"http:\/\/www.dpp.hr\/english\">www.dpp.hr\/english<\/a><\/li>\n<li>Institut f\u00fcr Klinische Psychologie und Psychotherapie (IKPP), Prof. Dr. Gottfried Fischer:<br \/>\n<a href=\"http:\/\/www.uni-koeln.de\/phil-fak\/psych\/klin\">www.uni-koeln.de\/phil-fak\/psych\/klin<\/a><\/li>\n<li>Deutsches Institut f\u00fcr Psychotraumatologie:<br \/>\n<a href=\"http:\/\/www.psychotraumatologie.de\">www.psychotraumatologie.de<\/a><\/li>\n<li>Georg Thieme Verlag KG:<br \/>\n<a href=\"http:\/\/www.thieme.de\">www.thieme.de<\/a><\/li>\n<\/ul>\n<p>[\/vc_column_text][\/vc_column][\/vc_row]<\/p>\n","protected":false},"excerpt":{"rendered":"<p>[vc_row css_animation=&#8221;&#8221; row_type=&#8221;row&#8221; use_row_as_full_screen_section=&#8221;no&#8221; type=&#8221;full_width&#8221; angled_section=&#8221;no&#8221; text_align=&#8221;left&#8221; background_image_as_pattern=&#8221;without_pattern&#8221;][vc_column][vc_column_text]Forschungsarbeiten (Auswahl): Opetnik, G. (2021):\u00a0Das Gestern im Heute begreifen. Traumaweitergabe in verfolgten slowenischen Familien. Klagenfurt\/Celovec: Hermagoras\/Mohorjeva. Wutti, D. (2021): Flucht, Asyl und Trauma. Psychodramatische Interventionen in der interkulturellen Gruppentherapie. Donau-Universit\u00e4t Krems: Masterthesis. (Open-Access-Direktlink zum Volltext) Pek, H. (2018): Zwischen Mehrfach-Traumatisierung und Blick in die Zukunft: Psychodramatische Lebenslinien-Arbeit und [&hellip;]<\/p>\n","protected":false},"author":1,"featured_media":0,"parent":0,"menu_order":0,"comment_status":"closed","ping_status":"closed","template":"","meta":{"footnotes":""},"class_list":["post-15511","page","type-page","status-publish","hentry"],"_links":{"self":[{"href":"https:\/\/aspis.aau.at\/index.php?rest_route=\/wp\/v2\/pages\/15511","targetHints":{"allow":["GET"]}}],"collection":[{"href":"https:\/\/aspis.aau.at\/index.php?rest_route=\/wp\/v2\/pages"}],"about":[{"href":"https:\/\/aspis.aau.at\/index.php?rest_route=\/wp\/v2\/types\/page"}],"author":[{"embeddable":true,"href":"https:\/\/aspis.aau.at\/index.php?rest_route=\/wp\/v2\/users\/1"}],"replies":[{"embeddable":true,"href":"https:\/\/aspis.aau.at\/index.php?rest_route=%2Fwp%2Fv2%2Fcomments&post=15511"}],"version-history":[{"count":17,"href":"https:\/\/aspis.aau.at\/index.php?rest_route=\/wp\/v2\/pages\/15511\/revisions"}],"predecessor-version":[{"id":15666,"href":"https:\/\/aspis.aau.at\/index.php?rest_route=\/wp\/v2\/pages\/15511\/revisions\/15666"}],"wp:attachment":[{"href":"https:\/\/aspis.aau.at\/index.php?rest_route=%2Fwp%2Fv2%2Fmedia&parent=15511"}],"curies":[{"name":"wp","href":"https:\/\/api.w.org\/{rel}","templated":true}]}}