{"id":15499,"date":"2017-06-11T14:01:41","date_gmt":"2017-06-11T14:01:41","guid":{"rendered":"http:\/\/aspis.aau.at\/?page_id=15499"},"modified":"2025-12-09T06:55:24","modified_gmt":"2025-12-09T06:55:24","slug":"mitarbeiterinnen","status":"publish","type":"page","link":"https:\/\/aspis.aau.at\/?page_id=15499","title":{"rendered":"MitarbeiterInnen"},"content":{"rendered":"<p><strong>Vorstand:<\/strong><\/p>\n<p>Obmann: Univ. Prof. Dr. i.R. Klaus Ottomeyer<br \/>\nObmann-Stellvertreter: Mag.a Brigitte Opetnik<br \/>\nKassierin: Mag.a Carmen Mertlitsch<br \/>\nSchriftf\u00fchrerin: Mag.a Katharina Perschak<\/p>\n<p><strong>Weitere Vorstandsmitglieder:<\/strong><br \/>\nUniv. Prof.in Dr.in Judith Gl\u00fcck<br \/>\nUniv. Prof. Dr. Hannes Krall<br \/>\nMag. Johannes Wadl<br \/>\nUniv. Prof. Dr. Mirko Wakounig<br \/>\nMMag. Gerald Lackner<\/p>\n<p><strong>Wissenschaftlicher Beirat:<\/strong><br \/>\nUniv. Prof. Prim. Dr. Herwig Scholz<br \/>\nPrim. Dr. Thomas Platz<br \/>\nUniv. Prof. Dr. Karl Peltzer<br \/>\nUniv. Prof. Dr. Peter Gstettner<br \/>\nUniv. Prof.in Dr.in Jutta Menschik-Bendele<br \/>\nMMag. Dr. Daniel Wutti, MSc<\/p>\n<p><strong>Gesch\u00e4ftsf\u00fchrung:<\/strong><br \/>\nKatharina Perschak<\/p>\n<p><strong>Assistenz:<\/strong><br \/>\nNikita Sedov<\/p>\n<p><strong>Projektleitung Integrationsinitiative Familie:<\/strong><br \/>\nMag. Siegfried Stupnig<\/p>\n<p><strong>Projektleitung Aspis RESET:<\/strong><br \/>\nNikita Sedov<\/p>\n<p><strong>Steuerberatung:<\/strong><br \/>\nGOW<\/p>\n<p><strong>PsychotherapeutInnen und Klinische PsychologInnen:<\/strong><br \/>\nMMag. Gerald Lackner<br \/>\nMag.a Maria Lind<br \/>\nUniv. Prof. Dr. i.R. Klaus Ottomeyer<br \/>\nDr. Michael Wieser<br \/>\nMag.a Helene Pek, MSc<br \/>\nDr. Silvia Jelinek<br \/>\nMag.a Brigitte Fr\u00f6hlich<br \/>\nMag.a Carmen Mertlitsch<br \/>\nMag.a Brigitte Opetnik, MSc<br \/>\nMMag.a Maria-Katharina Sulzbacher<br \/>\nMag.a Caroline von Korff<br \/>\nMag.a Elisabeth Heidegger<br \/>\nDr. Regina Klein<br \/>\nMag. Helmut Wolf<br \/>\nMag.a Dunja Germ<br \/>\nMag.a Jane Telsnig<br \/>\nMag.a Valentina Faoro<br \/>\nSelma Muminovic, BA<\/p>\n<p><strong>sowie DolmetscherInnen f\u00fcr aktuell 14 Sprachen<\/strong><\/p>\n<p>Zus\u00e4tzlich PraktikantInnen im Psychologiestudium oder im Prop\u00e4deutikum sowie ehrenamtlich t\u00e4tige Vereinsmitglieder.<\/p>\n","protected":false},"excerpt":{"rendered":"","protected":false},"author":1,"featured_media":0,"parent":0,"menu_order":0,"comment_status":"closed","ping_status":"closed","template":"","meta":{"footnotes":""},"class_list":["post-15499","page","type-page","status-publish","hentry"],"_links":{"self":[{"href":"https:\/\/aspis.aau.at\/index.php?rest_route=\/wp\/v2\/pages\/15499","targetHints":{"allow":["GET"]}}],"collection":[{"href":"https:\/\/aspis.aau.at\/index.php?rest_route=\/wp\/v2\/pages"}],"about":[{"href":"https:\/\/aspis.aau.at\/index.php?rest_route=\/wp\/v2\/types\/page"}],"author":[{"embeddable":true,"href":"https:\/\/aspis.aau.at\/index.php?rest_route=\/wp\/v2\/users\/1"}],"replies":[{"embeddable":true,"href":"https:\/\/aspis.aau.at\/index.php?rest_route=%2Fwp%2Fv2%2Fcomments&post=15499"}],"version-history":[{"count":28,"href":"https:\/\/aspis.aau.at\/index.php?rest_route=\/wp\/v2\/pages\/15499\/revisions"}],"predecessor-version":[{"id":15946,"href":"https:\/\/aspis.aau.at\/index.php?rest_route=\/wp\/v2\/pages\/15499\/revisions\/15946"}],"wp:attachment":[{"href":"https:\/\/aspis.aau.at\/index.php?rest_route=%2Fwp%2Fv2%2Fmedia&parent=15499"}],"curies":[{"name":"wp","href":"https:\/\/api.w.org\/{rel}","templated":true}]}}