{"id":15413,"date":"2017-06-11T12:22:12","date_gmt":"2017-06-11T12:22:12","guid":{"rendered":"http:\/\/aspis.aau.at\/?page_id=15413"},"modified":"2025-09-12T09:46:11","modified_gmt":"2025-09-12T09:46:11","slug":"psychotherapie","status":"publish","type":"page","link":"https:\/\/aspis.aau.at\/?page_id=15413","title":{"rendered":"Psychotherapie"},"content":{"rendered":"\n<p>Hilfestellung bei der Integration traumatisierter Fl\u00fcchtlinge in K\u00e4rnten &#8211; Traumatherapie und psychotherapeutische Begleitma\u00dfnahmen Hauptaufgabe und Inhalt unserer Arbeit ist die gezielte Behandlung von psychischen Krankheiten an denen die Zielpersonen in Folge des Erlebten leiden. Ziel der Arbeit ist es, die Gesundheit, die Arbeitsf\u00e4higkeit und die F\u00e4higkeit f\u00fcr die lebenswichtigen pers\u00f6nlichen Bed\u00fcrfnisse zu sorgen, wiederherzustellen und zu festigen. Unter Einbindung der Sozialversicherungstr\u00e4ger wurden die Zielpersonen von PsychotherapeutInnen behandelt, welche in die Psychotherapeutenliste gem\u00e4\u00df \u00a7 17 Psychotherapiegesetz eingetragen sind. Zielpersonen waren Asylwerber, anerkannte Fl\u00fcchtlinge und Personen mit vor\u00fcbergehendem Schutz.<\/p>\n\n\n\n<p>Die Spezialit\u00e4t unserer Einrichtung ist eine Kombination von symptombezogener Psychotherapie und ressourcenst\u00e4rkender psychosozialer Arbeit. Nach einem Erstgespr\u00e4ch mit dem\/der KlientIn im Rahmen unserer psychotherapeutischen Ambulanz suchen wir aus unserem spezialisierten und geschulten TherapeutInnenteam&nbsp;individuell passend eine\/n PsychotherapeutIn und eine\/n DolmetscherIn aus und \u00fcberlegengleichzeitig, welche weiteren psychotherapeutischen Begleitma\u00dfnahmen diese\/r KlientIn braucht und organisieren diese.&nbsp;Insgesamt haben wir unsere T\u00e4tigkeiten im Bereich psychotherapeutische Begleitma\u00dfnahmen im Sinne von intensiver Lernbetreuung direkt in den Familien erweitert.<\/p>\n\n\n\n<p>Schwerpunkt unserer therapeutischen Arbeit ist die dolmetschunterst\u00fctzte interkulturelle Traumatherapie im Einzel \u2013 und im Gruppensetting. Die Therapien laufen unterschiedlich lange: meistens dauern die Therapien ein bis drei Jahre. Bei manchen KlientInnen reicht eine k\u00fcrzere therapeutische Intervention von nur 5-10 Therapiesitzungen aus. Derzeit sind zehn Psycho 9 (Trauma)therapeutInnen bei Aspis t\u00e4tig, davon einer in Ausbildung unter Supervision, neun sind in die PsychotherapeutInnenliste des Ministeriums eingetragen.<\/p>\n\n\n\n<p>In der psychotherapeutischen Ambulanz kommen die Menschen zu einer ersten Kontaktaufnahme. Hier wird entschieden, ob die jeweilige Person traumatisiert ist und eine Psychotherapie braucht oder nicht. Liegen Traumasymptome vor, erfolgt schon im Erstgespr\u00e4ch eine Krisenintervention und eine Art \u201eNotversorgung\u201c. Die Menschen werden direkt von der Aspis Ambulanz aus in die Ambulanz der Abteilung f\u00fcr Psychiatrie und&nbsp;Psychotherapie, LKH Klagenfurt, geschickt (meist mit Dolmetscherin), wo sie sofort eine psychopharmakologische Behandlung bekommen. Die therapiebed\u00fcrftigen Menschen werden auf eine Therapiewarteliste gesetzt. Es handelt sich dabei v.a. um Menschen die wir aus finanziellen Gr\u00fcnden nicht in Therapie nehmen konnten.<\/p>\n\n\n\n<p>\u00a0<strong>Anfragen f\u00fcr psychotherapeutische Erstgespr\u00e4che:<\/strong><\/p>\n\n\n\n<ul class=\"wp-block-list\">\n<li>+43 (0)463 \/ 2700-1673<\/li>\n\n\n\n<li><a href=\"mailto:aspis@aau.at\">aspis@aau.at<\/a><\/li>\n<\/ul>\n\n\n\n<div class=\"wp-block-group is-nowrap is-layout-flex wp-container-core-group-is-layout-6c531013 wp-block-group-is-layout-flex\">\n<blockquote class=\"wp-block-quote has-medium-font-size is-layout-flow wp-block-quote-is-layout-flow\">\n<p>Dieses Projekt wird durch den Asyl-, Migrations- und Integrationsfonds und das Bundesministerium f\u00fcr Inneres kofinanziert.<\/p>\n<\/blockquote>\n<\/div>\n\n\n\n<div class=\"wp-block-group is-nowrap is-layout-flex wp-container-core-group-is-layout-6c531013 wp-block-group-is-layout-flex\">\n<figure class=\"wp-block-image aligncenter size-full\"><img loading=\"lazy\" decoding=\"async\" width=\"443\" height=\"301\" src=\"https:\/\/aspis.aau.at\/wp-content\/uploads\/2025\/09\/Logo_EU.jpg\" alt=\"\" class=\"wp-image-15911\" srcset=\"https:\/\/aspis.aau.at\/wp-content\/uploads\/2025\/09\/Logo_EU.jpg 443w, https:\/\/aspis.aau.at\/wp-content\/uploads\/2025\/09\/Logo_EU-300x204.jpg 300w\" sizes=\"auto, (max-width: 443px) 100vw, 443px\" \/><\/figure>\n\n\n\n<figure class=\"wp-block-image size-large\"><img loading=\"lazy\" decoding=\"async\" width=\"1024\" height=\"280\" src=\"http:\/\/aspis.aau.at\/wp-content\/uploads\/2025\/09\/2018_BMI_Logo_deutsch_4c-1024x280.jpg\" alt=\"\" class=\"wp-image-15912\" srcset=\"https:\/\/aspis.aau.at\/wp-content\/uploads\/2025\/09\/2018_BMI_Logo_deutsch_4c-1024x280.jpg 1024w, https:\/\/aspis.aau.at\/wp-content\/uploads\/2025\/09\/2018_BMI_Logo_deutsch_4c-300x82.jpg 300w, https:\/\/aspis.aau.at\/wp-content\/uploads\/2025\/09\/2018_BMI_Logo_deutsch_4c-768x210.jpg 768w, https:\/\/aspis.aau.at\/wp-content\/uploads\/2025\/09\/2018_BMI_Logo_deutsch_4c.jpg 1234w\" sizes=\"auto, (max-width: 1024px) 100vw, 1024px\" \/><\/figure>\n<\/div>\n\n\n\n<p><\/p>\n","protected":false},"excerpt":{"rendered":"<p>Hilfestellung bei der Integration traumatisierter Fl\u00fcchtlinge in K\u00e4rnten &#8211; Traumatherapie und psychotherapeutische Begleitma\u00dfnahmen Hauptaufgabe und Inhalt unserer Arbeit ist die gezielte Behandlung von psychischen Krankheiten an denen die Zielpersonen in Folge des Erlebten leiden. Ziel der Arbeit ist es, die Gesundheit, die Arbeitsf\u00e4higkeit und die F\u00e4higkeit f\u00fcr die lebenswichtigen pers\u00f6nlichen Bed\u00fcrfnisse zu sorgen, wiederherzustellen und [&hellip;]<\/p>\n","protected":false},"author":1,"featured_media":0,"parent":0,"menu_order":0,"comment_status":"closed","ping_status":"closed","template":"","meta":{"footnotes":""},"class_list":["post-15413","page","type-page","status-publish","hentry"],"_links":{"self":[{"href":"https:\/\/aspis.aau.at\/index.php?rest_route=\/wp\/v2\/pages\/15413","targetHints":{"allow":["GET"]}}],"collection":[{"href":"https:\/\/aspis.aau.at\/index.php?rest_route=\/wp\/v2\/pages"}],"about":[{"href":"https:\/\/aspis.aau.at\/index.php?rest_route=\/wp\/v2\/types\/page"}],"author":[{"embeddable":true,"href":"https:\/\/aspis.aau.at\/index.php?rest_route=\/wp\/v2\/users\/1"}],"replies":[{"embeddable":true,"href":"https:\/\/aspis.aau.at\/index.php?rest_route=%2Fwp%2Fv2%2Fcomments&post=15413"}],"version-history":[{"count":10,"href":"https:\/\/aspis.aau.at\/index.php?rest_route=\/wp\/v2\/pages\/15413\/revisions"}],"predecessor-version":[{"id":15913,"href":"https:\/\/aspis.aau.at\/index.php?rest_route=\/wp\/v2\/pages\/15413\/revisions\/15913"}],"wp:attachment":[{"href":"https:\/\/aspis.aau.at\/index.php?rest_route=%2Fwp%2Fv2%2Fmedia&parent=15413"}],"curies":[{"name":"wp","href":"https:\/\/api.w.org\/{rel}","templated":true}]}}