{"id":14869,"date":"2014-05-20T07:51:11","date_gmt":"2014-05-20T07:51:11","guid":{"rendered":"http:\/\/demo.qodeinteractive.com\/bridge76\/?page_id=14869"},"modified":"2024-09-17T06:29:06","modified_gmt":"2024-09-17T06:29:06","slug":"home","status":"publish","type":"page","link":"https:\/\/aspis.aau.at\/","title":{"rendered":"Home"},"content":{"rendered":"\n<div class=\"wp-block-group is-vertical is-layout-flex wp-container-core-group-is-layout-fe9cc265 wp-block-group-is-layout-flex\">\n<p><\/p>\n\n\n\n<div class=\"wp-block-group has-global-padding is-layout-constrained wp-block-group-is-layout-constrained\">\n<div class=\"wp-block-columns is-layout-flex wp-container-core-columns-is-layout-28f84493 wp-block-columns-is-layout-flex\">\n<div class=\"wp-block-column is-layout-flow wp-block-column-is-layout-flow\" style=\"flex-basis:100%\">\n<div class=\"wp-block-group has-global-padding is-layout-constrained wp-block-group-is-layout-constrained\"><ul style=\"background-color:#f1b8ff;\" class=\"wp-block-latest-posts__list is-grid columns-3 has-dates wp-block-latest-posts has-background has-small-font-size\"><li><div class=\"wp-block-latest-posts__featured-image\"><a href=\"https:\/\/aspis.aau.at\/?p=15906\" aria-label=\"Stellungnahme zum Polizeieinsatz am Per\u0161manhof\"><img loading=\"lazy\" decoding=\"async\" width=\"150\" height=\"150\" src=\"https:\/\/aspis.aau.at\/wp-content\/uploads\/2024\/08\/pexels-cottonbro-4098358-150x150.jpg\" class=\"attachment-thumbnail size-thumbnail wp-post-image\" alt=\"\" style=\"\" srcset=\"https:\/\/aspis.aau.at\/wp-content\/uploads\/2024\/08\/pexels-cottonbro-4098358-150x150.jpg 150w, https:\/\/aspis.aau.at\/wp-content\/uploads\/2024\/08\/pexels-cottonbro-4098358-570x570.jpg 570w, https:\/\/aspis.aau.at\/wp-content\/uploads\/2024\/08\/pexels-cottonbro-4098358-500x500.jpg 500w, https:\/\/aspis.aau.at\/wp-content\/uploads\/2024\/08\/pexels-cottonbro-4098358-1000x1000.jpg 1000w\" sizes=\"auto, (max-width: 150px) 100vw, 150px\" \/><\/a><\/div><a class=\"wp-block-latest-posts__post-title\" href=\"https:\/\/aspis.aau.at\/?p=15906\">Stellungnahme zum Polizeieinsatz am Per\u0161manhof<\/a><time datetime=\"2025-08-25T12:16:26+00:00\" class=\"wp-block-latest-posts__post-date\">August 25, 2025<\/time><div class=\"wp-block-latest-posts__post-excerpt\">Liebe Kooperationspartner*innen, Mitglieder und Freund*innen von Aspis, bitte beachten Sie die Stellungnahme von Klaus Ottomeyer\u2026 <a class=\"wp-block-latest-posts__read-more\" href=\"https:\/\/aspis.aau.at\/?p=15906\" rel=\"noopener noreferrer\">Read more<span class=\"screen-reader-text\">: Stellungnahme zum Polizeieinsatz am Per\u0161manhof<\/span><\/a><\/div><\/li>\n<li><div class=\"wp-block-latest-posts__featured-image\"><a href=\"https:\/\/aspis.aau.at\/?p=15901\" aria-label=\"&#8220;Integrationsinitiative Familie&#8221; bei Aspis\"><img loading=\"lazy\" decoding=\"async\" width=\"150\" height=\"150\" src=\"https:\/\/aspis.aau.at\/wp-content\/uploads\/2025\/03\/43193053_XXL-150x150.jpg\" class=\"attachment-thumbnail size-thumbnail wp-post-image\" alt=\"\" style=\"\" srcset=\"https:\/\/aspis.aau.at\/wp-content\/uploads\/2025\/03\/43193053_XXL-150x150.jpg 150w, https:\/\/aspis.aau.at\/wp-content\/uploads\/2025\/03\/43193053_XXL-570x570.jpg 570w, https:\/\/aspis.aau.at\/wp-content\/uploads\/2025\/03\/43193053_XXL-500x500.jpg 500w, https:\/\/aspis.aau.at\/wp-content\/uploads\/2025\/03\/43193053_XXL-1000x1000.jpg 1000w\" sizes=\"auto, (max-width: 150px) 100vw, 150px\" \/><\/a><\/div><a class=\"wp-block-latest-posts__post-title\" href=\"https:\/\/aspis.aau.at\/?p=15901\">&#8220;Integrationsinitiative Familie&#8221; bei Aspis<\/a><time datetime=\"2025-03-27T10:35:24+00:00\" class=\"wp-block-latest-posts__post-date\">March 27, 2025<\/time><div class=\"wp-block-latest-posts__post-excerpt\">Aktuell sind wir, neben Familienbesuchen, mit vier Sportteams (je zwei Fu\u00dfball- und zwei Volleyballgruppen) sehr\u2026 <a class=\"wp-block-latest-posts__read-more\" href=\"https:\/\/aspis.aau.at\/?p=15901\" rel=\"noopener noreferrer\">Read more<span class=\"screen-reader-text\">: &#8220;Integrationsinitiative Familie&#8221; bei Aspis<\/span><\/a><\/div><\/li>\n<li><div class=\"wp-block-latest-posts__featured-image\"><a href=\"https:\/\/aspis.aau.at\/?p=15891\" aria-label=\"Psychologische Hilfe angesichts des Attentats von Villach\"><img loading=\"lazy\" decoding=\"async\" width=\"150\" height=\"150\" src=\"https:\/\/aspis.aau.at\/wp-content\/uploads\/2024\/08\/pexels-cottonbro-4659806-150x150.jpg\" class=\"attachment-thumbnail size-thumbnail wp-post-image\" alt=\"\" style=\"\" srcset=\"https:\/\/aspis.aau.at\/wp-content\/uploads\/2024\/08\/pexels-cottonbro-4659806-150x150.jpg 150w, https:\/\/aspis.aau.at\/wp-content\/uploads\/2024\/08\/pexels-cottonbro-4659806-570x570.jpg 570w, https:\/\/aspis.aau.at\/wp-content\/uploads\/2024\/08\/pexels-cottonbro-4659806-500x500.jpg 500w, https:\/\/aspis.aau.at\/wp-content\/uploads\/2024\/08\/pexels-cottonbro-4659806-1000x1000.jpg 1000w\" sizes=\"auto, (max-width: 150px) 100vw, 150px\" \/><\/a><\/div><a class=\"wp-block-latest-posts__post-title\" href=\"https:\/\/aspis.aau.at\/?p=15891\">Psychologische Hilfe angesichts des Attentats von Villach<\/a><time datetime=\"2025-02-18T12:20:50+00:00\" class=\"wp-block-latest-posts__post-date\">February 18, 2025<\/time><div class=\"wp-block-latest-posts__post-excerpt\">Die MitarbeiterInnen des psychosozialen Zentrums ASPIS, das f\u00fcr Menschen mit Migrationshintergrund dolmetschgest\u00fctzte psychologische Hilfe und\u2026 <a class=\"wp-block-latest-posts__read-more\" href=\"https:\/\/aspis.aau.at\/?p=15891\" rel=\"noopener noreferrer\">Read more<span class=\"screen-reader-text\">: Psychologische Hilfe angesichts des Attentats von Villach<\/span><\/a><\/div><\/li>\n<\/ul><\/div>\n<\/div>\n<\/div>\n<\/div>\n<\/div>\n\n\n<h3>Aspis. Psychosoziales Zentrum f\u00fcr Fl\u00fcchtlinge und Opfer von Gewalt. Psychotherapie, Forschung, Beratung.<\/h3>\n<p>Der Verein Aspis ist eine unabh\u00e4ngige Einrichtung und bietet ein vielf\u00e4ltiges Hilfsangebot f\u00fcr traumatisierte Menschen. Wer Gewalterfahrung durchgemacht hat, leidet oft psychisch, psychosomatisch und physisch unter den Folgen der \u201eextremen Situation\u201c. Der Problemkreis \u201eTraumatisierung\u201c erfordert besondere medizinische und psychologische Betreuung. Unser multiprofessionelles Team ist spezialisiert auf die psychotherapeutische Arbeit und auf die Durchf\u00fchrung von psychotherapeutischen Begleitma\u00dfnahmen. Au\u00dferdem gibt es eine enge Zusammenarbeit mit anderen Berufsgruppen und Behandlungseinrichtungen (\u00c4rzten, Sozialarbeitern, Ausl\u00e4nderberatungen, UNHCR, etc.)<\/p>\n\n\n<h3>Psychotherapie<\/h3>\n<p>Unser Angebot richtet sich an inl\u00e4ndische und ausl\u00e4ndische Menschen.\u00a0Wir sind der \u00dcberzeugung, dass Opfer von Gewaltverbrechen oder Unf\u00e4llen, bzw. Menschen, die durch Folter oder Kriegsereignisse traumatisiert wurden, ein Recht auf medizinische und psychotherapeutische Betreuung haben.<\/p>\n<p>M\u00f6chten Sie ein kostenloses Erstgespr\u00e4ch? Gerne vereinbaren wir mit Ihnen einen kostenlosen ersten Termin.<\/p>\n<p>+43 (0) 677 \/ 643 74 888 (Mo-Fr 09:00\u201312:00)<br \/>\n<a href=\"mailto:aspis@aau.at\">aspis@aau.at<\/a><br \/>\n<a href=\"http:\/\/aspis.aau.at\/?page_id=15413\">Weitere Informationen<\/a><\/p>\n","protected":false},"excerpt":{"rendered":"","protected":false},"author":1,"featured_media":0,"parent":0,"menu_order":0,"comment_status":"open","ping_status":"open","template":"","meta":{"footnotes":""},"class_list":["post-14869","page","type-page","status-publish","hentry"],"_links":{"self":[{"href":"https:\/\/aspis.aau.at\/index.php?rest_route=\/wp\/v2\/pages\/14869","targetHints":{"allow":["GET"]}}],"collection":[{"href":"https:\/\/aspis.aau.at\/index.php?rest_route=\/wp\/v2\/pages"}],"about":[{"href":"https:\/\/aspis.aau.at\/index.php?rest_route=\/wp\/v2\/types\/page"}],"author":[{"embeddable":true,"href":"https:\/\/aspis.aau.at\/index.php?rest_route=\/wp\/v2\/users\/1"}],"replies":[{"embeddable":true,"href":"https:\/\/aspis.aau.at\/index.php?rest_route=%2Fwp%2Fv2%2Fcomments&post=14869"}],"version-history":[{"count":64,"href":"https:\/\/aspis.aau.at\/index.php?rest_route=\/wp\/v2\/pages\/14869\/revisions"}],"predecessor-version":[{"id":15873,"href":"https:\/\/aspis.aau.at\/index.php?rest_route=\/wp\/v2\/pages\/14869\/revisions\/15873"}],"wp:attachment":[{"href":"https:\/\/aspis.aau.at\/index.php?rest_route=%2Fwp%2Fv2%2Fmedia&parent=14869"}],"curies":[{"name":"wp","href":"https:\/\/api.w.org\/{rel}","templated":true}]}}